{"id":53,"date":"2020-09-25T08:22:41","date_gmt":"2020-09-25T06:22:41","guid":{"rendered":"https:\/\/lassunsredenjetzt.wordpress.com\/?page_id=9"},"modified":"2021-01-23T11:01:03","modified_gmt":"2021-01-23T10:01:03","slug":"about-2","status":"publish","type":"page","link":"https:\/\/www.lass-uns-reden.jetzt\/?page_id=53","title":{"rendered":"\u00fcber Uns"},"content":{"rendered":"\n<div class=\"wp-block-group has-background\" style=\"background-color:#ffbb22\"><div class=\"wp-block-group__inner-container is-layout-flow wp-block-group-is-layout-flow\">\n<p class=\"has-text-color has-background\" style=\"background-color:#ffbb22;color:#000066\"><strong><em><span style=\"color:#000066;\" class=\"has-inline-color\">Lass uns dr\u00fcber reden<\/span><\/em><\/strong><br><br>Mor(i)aldebatte, Cancel Culture, Entr\u00fcstungswahn, Emp\u00f6rungspflicht, Schweigegebote, Diskursverweigerung, Fake News,&nbsp;zweifelhafte Objektivit\u00e4ten, LoveundHatespeech, Brandbeschleunigergeheul, \u2026<br><br>Die Spirale, die wir durch immer lauteres gegeneinander Argumentieren antreiben, vertr\u00e4gt dringend eine Entschleunigung. Wir wollen den Dialog und den die \u201aAnderen\u2018 respektierenden Diskurs wieder in den Vordergrund r\u00fccken und dazu einladen.<br><br>Seit Jahren erleben wir, dass gewisse Themen zunehmend als Tabus in der \u00f6ffentlichen Diskussion behandelt werden. Manche Auseinandersetzungen werden aus der Angst falsch verstanden zu werden oder der anderen (welcher?) Seite Aufwind zu geben, vermieden, obwohl sie notwendig w\u00e4ren. Bei anderen polarisierenden Themen fehlt der Wille, sich vorurteilsfrei und ohne fixe Vorannahmen auf die Argumente des Gegen\u00fcbers einzulassen bzw. einfach nur zuzuh\u00f6ren. Bedenklich ist au\u00dferdem, dass eine Gesellschaft, die sich polarisiert, genau jenen Kr\u00e4ften politisch in die H\u00e4nde spielt, welche Demokratie und eine pluralistische offene Gesellschaft ablehnen.<br><br><span style=\"color:#000066;\" class=\"has-inline-color\">So nehmen wir t\u00e4glich wahr <em>(oder kommt es uns nur so vor?)<\/em>, dass das Vertrauen in unsere demokratischen Grundlagen, den Rechts- und Sozialstaat, die Grund- und Menschenrechte sukzessive ausgeh\u00f6hlt und schlechtgeredet werden. Die Diskussionen verebben, das Unverst\u00e4ndnis w\u00e4chst auf allen Seiten, eine positiv-gestimmte Gesellschaftsentwicklung scheint zu stagnieren, die Themen, Probleme und Unbenennbarkeiten bleiben aber.<\/span><br><br><span style=\"color:#000066;\" class=\"has-inline-color\">Nat\u00fcrlich gibt es noch diejenigen, die diskutieren, rebellieren, demonstrieren, posten und gegen die mit der &#8222;falschen&#8220; Meinung anschreiben, doch bleibt es leider oft beim \u201eDagegen Sein\u201c, beim \u201eStatus Quo-Verteidigen\u201c, beim Analysieren der Umst\u00e4nde und beim Emp\u00f6ren dar\u00fcber &#8230; und  irgendwie<\/span> <span style=\"color:#000066;\" class=\"has-inline-color\">merken wir<\/span> <span style=\"color:#000066;\" class=\"has-inline-color\">das reicht nicht, das bringt uns nicht wirklich weiter.<\/span><\/p>\n\n\n\n<p class=\"has-background\" style=\"background-color:#ffbb22\"><strong><em><span style=\"color:#000066;\" class=\"has-inline-color\">Lass uns hin- statt wegschauen<\/span><\/em><\/strong><br><br><span style=\"color:#000066;\" class=\"has-inline-color\"><em>Jenny Holzer, amerikanische K\u00fcnstlerin, stellt in einer ihrer Installationen fest: \u201eThe beginning of the war is secret &#8211; Der Beginn des Krieges ist geheim*.\u201c<\/em> Wahrscheinlich ist es auch hier so \u00e4hnlich. Wir wissen nicht genau, wann und wo die Tabuisierung, die Verunglimpfung, die Diffamierung &#8230; begonnen hat. Aber diese Mechanismen machen das Aussprechen von Meinungen schwer, sie bringen Menschen zum Schweigen (silencing im Netz z.B. betrifft Frauen massiv), legen das Umschiffen von Themen nahe, verhindern ein &#8222;langsameres&#8220; und respektvolles Diskutieren. Sie verbieten das Verlassen des blasentypischen Denkansatzes, sperren mehrperspektivisches Denken aus.<\/span><\/p>\n\n\n\n<p class=\"has-background has-small-font-size\" style=\"background-color:#ffbb22\">* <span style=\"color:#000066;\" class=\"has-inline-color\">Vielen Dank f\u00fcr die essentiellen Beitr\u00e4ge zur Entstehung dieser Gedanken an Bernhard Possert, Lisa R\u00fccker, Bernhard Seidler, Ingrid Brodnig, Siobhan Geets, Robert Treichler, Martin Staudinger, Gernot Bauer (profil), Christian Sch\u00fcller und viele andere (von \u00d61 und ORF), Thomas P\u00f6lzler und Klaus Kastberger (Der Standard) und viele andere &#8230;<\/span><\/p>\n<\/div><\/div>\n\n\n\n<p><\/p>\n","protected":false},"excerpt":{"rendered":"<p>Lass uns dr\u00fcber reden Mor(i)aldebatte, Cancel Culture, Entr\u00fcstungswahn, Emp\u00f6rungspflicht, Schweigegebote, Diskursverweigerung, Fake News,&nbsp;zweifelhafte Objektivit\u00e4ten, LoveundHatespeech, Brandbeschleunigergeheul, \u2026 Die Spirale, die wir durch immer lauteres gegeneinander Argumentieren antreiben, vertr\u00e4gt dringend eine Entschleunigung. Wir wollen den Dialog und den die \u201aAnderen\u2018 respektierenden Diskurs wieder in den Vordergrund r\u00fccken und dazu einladen. Seit Jahren erleben wir, dass gewisse [&hellip;]<\/p>\n","protected":false},"author":1,"featured_media":0,"parent":0,"menu_order":0,"comment_status":"closed","ping_status":"closed","template":"","meta":{"footnotes":""},"class_list":["post-53","page","type-page","status-publish","hentry"],"_links":{"self":[{"href":"https:\/\/www.lass-uns-reden.jetzt\/index.php?rest_route=\/wp\/v2\/pages\/53","targetHints":{"allow":["GET"]}}],"collection":[{"href":"https:\/\/www.lass-uns-reden.jetzt\/index.php?rest_route=\/wp\/v2\/pages"}],"about":[{"href":"https:\/\/www.lass-uns-reden.jetzt\/index.php?rest_route=\/wp\/v2\/types\/page"}],"author":[{"embeddable":true,"href":"https:\/\/www.lass-uns-reden.jetzt\/index.php?rest_route=\/wp\/v2\/users\/1"}],"replies":[{"embeddable":true,"href":"https:\/\/www.lass-uns-reden.jetzt\/index.php?rest_route=%2Fwp%2Fv2%2Fcomments&post=53"}],"version-history":[{"count":11,"href":"https:\/\/www.lass-uns-reden.jetzt\/index.php?rest_route=\/wp\/v2\/pages\/53\/revisions"}],"predecessor-version":[{"id":774,"href":"https:\/\/www.lass-uns-reden.jetzt\/index.php?rest_route=\/wp\/v2\/pages\/53\/revisions\/774"}],"wp:attachment":[{"href":"https:\/\/www.lass-uns-reden.jetzt\/index.php?rest_route=%2Fwp%2Fv2%2Fmedia&parent=53"}],"curies":[{"name":"wp","href":"https:\/\/api.w.org\/{rel}","templated":true}]}}