{"id":707,"date":"2020-12-09T10:44:31","date_gmt":"2020-12-09T09:44:31","guid":{"rendered":"http:\/\/www.lass-uns-reden.jetzt\/?page_id=707"},"modified":"2021-10-29T10:53:56","modified_gmt":"2021-10-29T08:53:56","slug":"uber-geld-2","status":"publish","type":"page","link":"https:\/\/www.lass-uns-reden.jetzt\/?page_id=707","title":{"rendered":"\u00fcber Geld"},"content":{"rendered":"\n<div class=\"wp-block-group has-background\" style=\"background-color:#ffbb22\"><div class=\"wp-block-group__inner-container is-layout-flow wp-block-group-is-layout-flow\">\n<div class=\"wp-block-group\"><div class=\"wp-block-group__inner-container is-layout-flow wp-block-group-is-layout-flow\">\n<p class=\"has-text-align-left\"><br><br><span style=\"color:#000066;\" class=\"has-inline-color\">Nat\u00fcrlich haben wir uns \u00fcberlegt, dass es in unserem relativ reichen Staat Institutionen geben k\u00f6nnte, die solche Veranstaltungen unterst\u00fctzen. Es gibt ja wirklich viele Ministerien, PolitikerInnen, Parteien, Wirtschafts- und ArbeiterInnenkammern, Kirchen, Interessensvertretungen, Banken, UnternehmerInnen, soziale Vereine, &#8230; und manch eine davon h\u00e4tte vielleicht &#8211; trotz Coronazeiten &#8211; sogar Interesse die eine oder andere Veranstaltung mitzufinanzieren.<\/span><\/p>\n\n\n\n<p class=\"has-text-align-left\"><span style=\"color:#000066;\" class=\"has-inline-color\"><em>Aber! Ja, aber<\/em>: dann wollen die einen vielleicht das eine Thema nicht, die anderen wollen vielleicht gewisse ReferentInnen weniger gern, die dritten m\u00f6chten andere ModeratorInnen oder bessere Fragen, &#8230; das m\u00f6chten wir nicht und deshalb beginnen wir mit einem winzigen Budget, mit einer reinen online-Veranstaltung, mit viel Einsatz UND einer Kontonummer, die offen ist f\u00fcr alle, die etwas beitragen m\u00f6chten. DANKE!<\/span><\/p>\n\n\n\n<p><em><span style=\"color:#000066;\" class=\"has-inline-color\"><strong>Wenn Du spenden m\u00f6chtest &#8230;<\/strong><\/span><\/em><\/p>\n\n\n\n<p class=\"has-text-align-left has-text-color\" style=\"color:#000066\"><br><strong>z. B. <em><span style=\"color:#000066;\" class=\"has-inline-color\">\u00fcber diesen Link<\/span> zu PayPal<\/em><\/strong><\/p>\n\n\n\n<p class=\"has-text-align-center has-text-color\" style=\"color:#626262\"><a href=\"https:\/\/www.paypal.com\/cgi-bin\/webscr?cmd=_s-xclick&amp;hosted_button_id=FNDMACDWW8KLY&amp;source=url\">https:\/\/www.paypal.com\/cgi-bin\/webscr?cmd=_s-xclick&amp;hosted_button_id=FNDMACDWW8KLY&amp;source=url<\/a><\/p>\n\n\n\n<p class=\"has-text-color\" style=\"color:#ffbb22;font-size:24px\">&#8230;&#8230;&#8230;<\/p>\n\n\n\n<p class=\"has-text-align-center has-text-color has-huge-font-size\" style=\"color:#626262\"><em><strong>DANKE SEHR!<\/strong><\/em><\/p>\n<\/div><\/div>\n\n\n\n<p class=\"has-text-color has-huge-font-size\" style=\"color:#ffbb22\">ddddd\u00f6lk\u00e4\u00f6lk\u00e4\u00f6<\/p>\n<\/div><\/div>\n","protected":false},"excerpt":{"rendered":"<p>Nat\u00fcrlich haben wir uns \u00fcberlegt, dass es in unserem relativ reichen Staat Institutionen geben k\u00f6nnte, die solche Veranstaltungen unterst\u00fctzen. Es gibt ja wirklich viele Ministerien, PolitikerInnen, Parteien, Wirtschafts- und ArbeiterInnenkammern, Kirchen, Interessensvertretungen, Banken, UnternehmerInnen, soziale Vereine, &#8230; und manch eine davon h\u00e4tte vielleicht &#8211; trotz Coronazeiten &#8211; sogar Interesse die eine oder andere Veranstaltung mitzufinanzieren. [&hellip;]<\/p>\n","protected":false},"author":1,"featured_media":0,"parent":0,"menu_order":0,"comment_status":"closed","ping_status":"closed","template":"","meta":{"footnotes":""},"class_list":["post-707","page","type-page","status-publish","hentry"],"_links":{"self":[{"href":"https:\/\/www.lass-uns-reden.jetzt\/index.php?rest_route=\/wp\/v2\/pages\/707","targetHints":{"allow":["GET"]}}],"collection":[{"href":"https:\/\/www.lass-uns-reden.jetzt\/index.php?rest_route=\/wp\/v2\/pages"}],"about":[{"href":"https:\/\/www.lass-uns-reden.jetzt\/index.php?rest_route=\/wp\/v2\/types\/page"}],"author":[{"embeddable":true,"href":"https:\/\/www.lass-uns-reden.jetzt\/index.php?rest_route=\/wp\/v2\/users\/1"}],"replies":[{"embeddable":true,"href":"https:\/\/www.lass-uns-reden.jetzt\/index.php?rest_route=%2Fwp%2Fv2%2Fcomments&post=707"}],"version-history":[{"count":13,"href":"https:\/\/www.lass-uns-reden.jetzt\/index.php?rest_route=\/wp\/v2\/pages\/707\/revisions"}],"predecessor-version":[{"id":848,"href":"https:\/\/www.lass-uns-reden.jetzt\/index.php?rest_route=\/wp\/v2\/pages\/707\/revisions\/848"}],"wp:attachment":[{"href":"https:\/\/www.lass-uns-reden.jetzt\/index.php?rest_route=%2Fwp%2Fv2%2Fmedia&parent=707"}],"curies":[{"name":"wp","href":"https:\/\/api.w.org\/{rel}","templated":true}]}}