{"id":72,"date":"2020-09-25T16:29:23","date_gmt":"2020-09-25T14:29:23","guid":{"rendered":"https:\/\/lassunsredenjetzt.wordpress.com\/?page_id=72"},"modified":"2021-10-29T10:48:19","modified_gmt":"2021-10-29T08:48:19","slug":"14-oktober-2020","status":"publish","type":"page","link":"https:\/\/www.lass-uns-reden.jetzt\/?page_id=72","title":{"rendered":"\u00fcbers Bisherige"},"content":{"rendered":"\n<div class=\"wp-block-group has-background\" style=\"background-color:#ffbb22\"><div class=\"wp-block-group__inner-container is-layout-flow wp-block-group-is-layout-flow\">\n<p><\/p>\n\n\n\n<p><br><\/p>\n\n\n\n<p class=\"has-text-align-center has-text-color\" style=\"color:#000066;font-size:40px\"><strong><span style=\"color:#000066\" class=\"has-inline-color\">Sterbehilfe<\/span><\/strong><\/p>\n\n\n\n<p class=\"has-text-align-center has-text-color\" style=\"color:#000066;font-size:40px\"><strong><br><span style=\"color:#000066\" class=\"has-inline-color\"> <em>welchen Weg geht \u00d6sterreich?<\/em><\/span><\/strong><\/p>\n\n\n\n<p class=\"has-text-align-center has-text-color\" style=\"color:#000066;font-size:40px\"><br>Dr.<sup>in<\/sup> Isolde Lernbass-Wutzl<\/p>\n\n\n\n<p class=\"has-text-align-center has-text-color\" style=\"color:#000066;font-size:18px\"><span><i>\u00c4rztin, Fach\u00e4rztin f\u00fcr Radiologie, Hollabrunn <br>Beir\u00e4tin<\/i><\/span><span><i> der \u00f6sterreichischen Gesellschaft f\u00fcr ein Humanes Lebensende<\/i><\/span><\/p>\n\n\n\n<p class=\"has-text-align-center has-text-color\" style=\"color:#000066\"><strong><em>und<\/em><\/strong><\/p>\n\n\n\n<p class=\"has-text-align-center has-text-color has-large-font-size\" style=\"color:#000066\"><br>Dr.<sup>in<\/sup> Christine Grebe<\/p>\n\n\n\n<p class=\"has-text-align-center has-text-color\" style=\"color:#000066;font-size:18px\"><em>\u00c4rztin, Leiterin der Palliativstation Salzkammergut-Klinikum V\u00f6cklabruck <\/em><br><em>Vizepr\u00e4sidentin von Hospiz \u00d6sterreich<\/em><\/p>\n\n\n\n<p class=\"has-text-align-center has-text-color has-medium-font-size\" style=\"color:#000066\"><br>Moderation<\/p>\n\n\n\n<p class=\"has-text-align-center has-text-color has-large-font-size\" style=\"color:#000066\">Lisa R\u00fccker<\/p>\n\n\n\n<p class=\"has-text-align-center has-text-color\" style=\"color:#000066;font-size:27px\"><br><strong>Montag, 18. Oktober 2021<\/strong><\/p>\n\n\n\n<p class=\"has-text-align-center has-text-color\" style=\"color:#000066;font-size:27px\"><strong>19.00 Uhr<\/strong><\/p>\n\n\n\n<p class=\"has-text-align-center has-text-color\" style=\"color:#000066;font-size:27px\">Zoom &#8211; online &#8211; Diskussion<br><\/p>\n\n\n\n<p>        <\/p>\n\n\n\n<p>        <\/p>\n\n\n\n<p><\/p>\n\n\n\n<p><\/p>\n\n\n\n<p><\/p>\n\n\n\n<p><\/p>\n\n\n\n<p class=\"has-text-align-center\" style=\"font-size:46px\"><span style=\"color:#000066\" class=\"has-inline-color\">Sterbehilfe<\/span><\/p>\n\n\n\n<p class=\"has-text-align-center\" style=\"font-size:46px\"><br><span style=\"color:#000066\" class=\"has-inline-color\"><em>Wann darf ich sagen: genug?<\/em><\/span><br><\/p>\n\n\n\n<p class=\"has-text-align-center has-text-color\" style=\"color:#000066;font-size:30px\"><em>Wir suchen den Dialog &#8230;<br><br>dazu sprechen miteinander und mit uns:<\/em><\/p>\n\n\n\n<p><\/p>\n\n\n\n<p class=\"has-text-align-center has-text-color has-large-font-size\" style=\"color:#000066\"><br>Dr.<sup>in<\/sup> OA <strong>Julijana Verebes<\/strong><\/p>\n\n\n\n<p class=\"has-text-align-center has-text-color\" style=\"color:#000066;font-size:18px\"><em><em>Ober\u00e4rztin, Palliativmedizinerin <br>Mitglied des Ethikkomitees &#8211; Universit\u00e4tsklinikum Graz<\/em><\/em><\/p>\n\n\n\n<p class=\"has-text-align-center has-text-color\" style=\"color:#000066\"><strong><em>und<\/em><\/strong><\/p>\n\n\n\n<p class=\"has-text-align-center has-text-color has-large-font-size\" style=\"color:#000066\"><br><strong>Markus Reutlinger<\/strong><\/p>\n\n\n\n<p class=\"has-text-align-center has-text-color\" style=\"color:#000066;font-size:18px\"><em>Psychologe<\/em>, <em>ausgebildeter Freitodbegleiter<\/em><br><em>Mitglied des Sterbehilfe Vereins Exit (Schweiz)<\/em><\/p>\n\n\n\n<p><\/p>\n\n\n\n<p class=\"has-text-align-center has-text-color has-medium-font-size\" style=\"color:#000066\"><br>Moderation<\/p>\n\n\n\n<p><\/p>\n\n\n\n<p class=\"has-text-align-center has-text-color has-large-font-size\" style=\"color:#000066\"><strong>Lisa R\u00fccker<\/strong><\/p>\n\n\n\n<p class=\"has-text-align-center has-text-color\" style=\"color:#000066;font-size:27px\"><br><strong>Donnerstag, 8. April 2021<\/strong><\/p>\n\n\n\n<p class=\"has-text-align-center has-text-color\" style=\"color:#000066;font-size:27px\"><strong>19.00 Uhr<\/strong><\/p>\n\n\n\n<p class=\"has-text-align-center\" style=\"font-size:47px\">_________________________<br><\/p>\n\n\n\n<p><\/p>\n\n\n\n<p class=\"has-text-align-center\" style=\"font-size:47px\"><span style=\"color:#000066\" class=\"has-inline-color\">Moria II<\/span><br><br><span style=\"color:#000066\" class=\"has-inline-color\">Wem ist geholfen<\/span>,<\/p>\n\n\n\n<p class=\"has-text-align-center\" style=\"font-size:47px\"><span style=\"color:#000066\" class=\"has-inline-color\">wenn wir (nicht) helfen?<\/span><\/p>\n\n\n\n<p><\/p>\n\n\n\n<p class=\"has-text-align-center has-text-color\" style=\"color:#000066;font-size:30px\">Wir suchen den Dialog <br>es sprechen miteinander und mit uns:<\/p>\n\n\n\n<p><\/p>\n\n\n\n<p><\/p>\n\n\n\n<p><\/p>\n\n\n\n<p class=\"has-text-align-center has-text-color has-large-font-size\" style=\"color:#000066\">DI <strong>Heidrun Primas<\/strong><\/p>\n\n\n\n<p class=\"has-text-align-center has-text-color\" style=\"color:#000066;font-size:18px\"><em>Architektin, Initiatorin des <\/em><br><em>Moria-II-Wochenendes in Graz,<br>Pr\u00e4sidentin des Forum Stadtpark (Graz)<\/em><\/p>\n\n\n\n<p class=\"has-text-align-center has-text-color\" style=\"color:#000066\"><strong><em>und<\/em><\/strong><\/p>\n\n\n\n<p class=\"has-text-align-center has-text-color has-large-font-size\" style=\"color:#000066\"><br>Mag. <strong>Lukas Mandl<\/strong><\/p>\n\n\n\n<p class=\"has-text-align-center has-text-color\" style=\"color:#000066;font-size:18px\"><em>Mitglied des Europ\u00e4ischen Parlaments (\u00f6VP),<br>Spezialbereiche Sicherheits- und Au\u00dfenpolitik,<br>Pr\u00e4sident der Europ\u00e4ischen F\u00f6deralistischen Bewegung (EFB)<\/em><\/p>\n\n\n\n<p class=\"has-text-align-center has-text-color has-medium-font-size\" style=\"color:#000066\"><br>Moderation<\/p>\n\n\n\n<p><\/p>\n\n\n\n<p class=\"has-text-align-center has-text-color has-large-font-size\" style=\"color:#000066\"><strong>Bernhard Possert<\/strong><\/p>\n\n\n\n<p class=\"has-text-align-center has-text-color\" style=\"color:#000066;font-size:27px\">&#8212;&#8212;&#8212;&#8212;&#8212;&#8212;&#8212;&#8212;    <\/p>\n<\/div><\/div>\n\n\n\n<div class=\"wp-block-group has-background\" style=\"background-color:#ffbb22\"><div class=\"wp-block-group__inner-container is-layout-flow wp-block-group-is-layout-flow\">\n<p class=\"has-text-color has-huge-font-size\" style=\"color:#ffbb22\"><\/p>\n\n\n\n<p class=\"has-text-align-center has-text-color has-huge-font-size\" id=\"block-2d71c13b-8e0c-4564-81f8-087b64e2b145\" style=\"color:#000066\">Warum darf man <\/p>\n\n\n\n<p class=\"has-text-align-center has-text-color has-huge-font-size\" id=\"block-2d71c13b-8e0c-4564-81f8-087b64e2b145\" style=\"color:#000066\">an allem Sterben &#8211;<\/p>\n\n\n\n<p class=\"has-text-align-center has-text-color has-huge-font-size\" id=\"block-2d71c13b-8e0c-4564-81f8-087b64e2b145\" style=\"color:#000066\">nur nicht an Corona?<\/p>\n\n\n\n<p class=\"has-text-align-center has-text-color has-medium-font-size\" id=\"block-7e390563-79dd-4bbd-b3d3-727d203191bb\" style=\"color:#000066\">oder wie viele Tote<br> nehmen wir in Kauf?<\/p>\n\n\n\n<p class=\"has-text-align-center has-text-color has-large-font-size\" id=\"block-1c455a92-4cd4-4559-9e67-e8e1581677a6\" style=\"color:#000066\">mit Dr. Martin Sprenger<\/p>\n\n\n\n<p class=\"has-text-align-center has-text-color\" id=\"block-1c455a92-4cd4-4559-9e67-e8e1581677a6\" style=\"color:#000066\">als Public-Health-Experte, Mediziner und Autor<br> in der online-Diskussion<br><\/p>\n\n\n\n<p class=\"has-text-align-center has-text-color\" id=\"block-1c455a92-4cd4-4559-9e67-e8e1581677a6\" style=\"color:#000066\"><em>Mittwoch, 18. November 2020<\/em><br><em>19.00 Uhr online<\/em><br><br><\/p>\n\n\n\n<p><\/p>\n\n\n\n<p class=\"has-text-color\" style=\"color:#000066\">_______________________________________________________________<\/p>\n\n\n\n<div class=\"wp-block-group has-background\" style=\"background-color:#ffbb22\"><div class=\"wp-block-group__inner-container is-layout-flow wp-block-group-is-layout-flow\">\n<p class=\"has-text-color has-huge-font-size\" style=\"color:#ffbb22\">            d                                     <\/p>\n\n\n\n<p class=\"has-text-align-center has-text-color has-huge-font-size\" style=\"color:#000066\">\u00dcbers Helfen<\/p>\n\n\n\n<p class=\"has-text-align-center has-text-color has-huge-font-size\" style=\"color:#000066\"> mit Anstand<\/p>\n\n\n\n<p class=\"has-text-align-center has-text-color has-huge-font-size\" style=\"color:#000066\"> oder Abstand<\/p>\n\n\n\n<p class=\"has-text-align-center has-text-color has-background has-medium-font-size\" style=\"background-color:#ffbb22;color:#000066\">am 14. Oktober 2020 um 19 Uhr<\/p>\n\n\n\n<p class=\"has-text-align-center has-text-color has-background has-medium-font-size\" style=\"background-color:#ffbb22;color:#000066\"><em>&#8230; es redeten alle miteinander \u00fcber &#8230;<\/em><\/p>\n\n\n\n<p class=\"has-text-color\" style=\"color:#000066\">&#8230; das Helfen, den angemessenen Anstand, den kritischen Abstand, den aktuellen Zustand und den besonderen Umstand &#8230; <\/p>\n\n\n\n<p><\/p>\n\n\n\n<p class=\"has-text-color\" style=\"color:#000066\">&#8230; die Bedeutung von Mehrheiten und die W\u00fcrdigung von Minderheiten &#8230;<\/p>\n\n\n\n<p class=\"has-text-color\" style=\"color:#000066\">&#8230; kurz- und langfristige Argumentationen, \u00fcber Positionen, die sich eigentlich aus ganz anderen Gr\u00fcnden ergeben und \u00fcber Gedanken, die nicht ausgesprochen werden sollen\/wollen <\/p>\n\n\n\n<p class=\"has-text-color\" style=\"color:#000066\">&#8230; das verhaftet sein in der eigenen Gruppenmeinung, im eigenen Weltbild, in der vermeintlich richtigen Ansicht, im Klubzwang, in der Bequemlichkeit, in der Angst &#8230;<\/p>\n\n\n\n<p class=\"has-text-color\" style=\"color:#000066\">&#8230; die Schwierigkeit in schnellen Zeiten auf schwierige Fragen eine flotte und verst\u00e4ndliche Antwort zu geben bevor \u00fcberhaupt irgendwer schon irgendetwas Konstruktives gedacht hat &#8230; <\/p>\n\n\n\n<p class=\"has-text-align-center has-text-color\" style=\"color:#000066\"><em>&#8230; wir freuten uns \u00fcber deine Gedanken <br>und deine Beitr\u00e4ge, danke!<\/em><\/p>\n<\/div><\/div>\n<\/div><\/div>\n","protected":false},"excerpt":{"rendered":"<p>Sterbehilfe welchen Weg geht \u00d6sterreich? Dr.in Isolde Lernbass-Wutzl \u00c4rztin, Fach\u00e4rztin f\u00fcr Radiologie, Hollabrunn Beir\u00e4tin der \u00f6sterreichischen Gesellschaft f\u00fcr ein Humanes Lebensende und Dr.in Christine Grebe \u00c4rztin, Leiterin der Palliativstation Salzkammergut-Klinikum V\u00f6cklabruck Vizepr\u00e4sidentin von Hospiz \u00d6sterreich Moderation Lisa R\u00fccker Montag, 18. Oktober 2021 19.00 Uhr Zoom &#8211; online &#8211; Diskussion Sterbehilfe Wann darf ich sagen: genug? [&hellip;]<\/p>\n","protected":false},"author":1,"featured_media":0,"parent":0,"menu_order":0,"comment_status":"closed","ping_status":"closed","template":"","meta":{"footnotes":""},"class_list":["post-72","page","type-page","status-publish","hentry"],"_links":{"self":[{"href":"https:\/\/www.lass-uns-reden.jetzt\/index.php?rest_route=\/wp\/v2\/pages\/72","targetHints":{"allow":["GET"]}}],"collection":[{"href":"https:\/\/www.lass-uns-reden.jetzt\/index.php?rest_route=\/wp\/v2\/pages"}],"about":[{"href":"https:\/\/www.lass-uns-reden.jetzt\/index.php?rest_route=\/wp\/v2\/types\/page"}],"author":[{"embeddable":true,"href":"https:\/\/www.lass-uns-reden.jetzt\/index.php?rest_route=\/wp\/v2\/users\/1"}],"replies":[{"embeddable":true,"href":"https:\/\/www.lass-uns-reden.jetzt\/index.php?rest_route=%2Fwp%2Fv2%2Fcomments&post=72"}],"version-history":[{"count":29,"href":"https:\/\/www.lass-uns-reden.jetzt\/index.php?rest_route=\/wp\/v2\/pages\/72\/revisions"}],"predecessor-version":[{"id":843,"href":"https:\/\/www.lass-uns-reden.jetzt\/index.php?rest_route=\/wp\/v2\/pages\/72\/revisions\/843"}],"wp:attachment":[{"href":"https:\/\/www.lass-uns-reden.jetzt\/index.php?rest_route=%2Fwp%2Fv2%2Fmedia&parent=72"}],"curies":[{"name":"wp","href":"https:\/\/api.w.org\/{rel}","templated":true}]}}